{"id":1207,"date":"2023-10-18T06:37:05","date_gmt":"2023-10-18T04:37:05","guid":{"rendered":"https:\/\/clinicarethink.com\/?page_id=1207"},"modified":"2024-11-05T07:07:51","modified_gmt":"2024-11-05T06:07:51","slug":"sobre-nosotros","status":"publish","type":"page","link":"https:\/\/clinicarethink.com\/en\/sobre-nosotros\/","title":{"rendered":"About new life"},"content":{"rendered":"\t\t<div data-elementor-type=\"wp-page\" data-elementor-id=\"1207\" class=\"elementor elementor-1207\" data-elementor-post-type=\"page\">\n\t\t\t\t<div class=\"elementor-element elementor-element-714fafa e-con-full e-flex e-con e-parent\" data-id=\"714fafa\" data-element_type=\"container\" data-settings=\"{&quot;background_background&quot;:&quot;classic&quot;,&quot;shape_divider_bottom&quot;:&quot;curve&quot;,&quot;shape_divider_bottom_negative&quot;:&quot;yes&quot;}\">\n\t\t\t\t<div class=\"elementor-shape elementor-shape-bottom\" data-negative=\"true\">\n\t\t\t<svg xmlns=\"http:\/\/www.w3.org\/2000\/svg\" viewBox=\"0 0 1000 100\" preserveAspectRatio=\"none\">\n\t<path class=\"elementor-shape-fill\" d=\"M500,97C126.7,96.3,0.8,19.8,0,0v100l1000,0V1C1000,19.4,873.3,97.8,500,97z\"\/>\n<\/svg>\t\t<\/div>\n\t\t\t\t<div class=\"elementor-element elementor-element-928157a elementor--h-position-center elementor--v-position-middle elementor-invisible elementor-widget elementor-widget-slides\" data-id=\"928157a\" data-element_type=\"widget\" data-settings=\"{&quot;navigation&quot;:&quot;none&quot;,&quot;transition&quot;:&quot;fade&quot;,&quot;transition_speed&quot;:2000,&quot;_animation&quot;:&quot;fadeIn&quot;,&quot;autoplay&quot;:&quot;yes&quot;,&quot;autoplay_speed&quot;:5000,&quot;infinite&quot;:&quot;yes&quot;}\" data-widget_type=\"slides.default\">\n\t\t\t\t<div class=\"elementor-widget-container\">\n\t\t\t\t\t<div class=\"elementor-swiper\">\n\t\t\t<div class=\"elementor-slides-wrapper elementor-main-swiper swiper\" dir=\"ltr\" data-animation=\"\">\n\t\t\t\t<div class=\"swiper-wrapper elementor-slides\">\n\t\t\t\t\t\t\t\t\t\t<div class=\"elementor-repeater-item-3efdbde swiper-slide\"><div class=\"swiper-slide-bg\" role=\"img\"><\/div><div class=\"swiper-slide-inner\" ><div class=\"swiper-slide-contents\"><div class=\"elementor-slide-heading\">Acerca de Rethink<\/div><\/div><\/div><\/div>\t\t\t\t<\/div>\n\t\t\t\t\t\t\t<\/div>\n\t\t<\/div>\n\t\t\t\t<\/div>\n\t\t\t\t<\/div>\n\t\t\t\t<div class=\"elementor-element elementor-element-c5b5fc4 elementor-widget elementor-widget-heading\" data-id=\"c5b5fc4\" data-element_type=\"widget\" data-widget_type=\"heading.default\">\n\t\t\t\t<div class=\"elementor-widget-container\">\n\t\t\t<span class=\"elementor-heading-title elementor-size-default\"><a href=\"#AcercadeRethink\">Cl\u00ednica Rethink nace para ofrecer un servicio donde la calidad terap\u00e9utica y la adaptaci\u00f3n total al caso particular del paciente. <\/a><\/span>\t\t<\/div>\n\t\t\t\t<\/div>\n\t\t\t\t<\/div>\n\t\t<div class=\"elementor-element elementor-element-89a58e8 e-flex e-con-boxed e-con e-parent\" data-id=\"89a58e8\" data-element_type=\"container\">\n\t\t\t\t\t<div class=\"e-con-inner\">\n\t\t\t\t<div class=\"elementor-element elementor-element-5590a9d elementor-widget elementor-widget-heading\" data-id=\"5590a9d\" data-element_type=\"widget\" data-widget_type=\"heading.default\">\n\t\t\t\t<div class=\"elementor-widget-container\">\n\t\t\t<p class=\"elementor-heading-title elementor-size-default\">Nuestra Historia\n<\/p>\t\t<\/div>\n\t\t\t\t<\/div>\n\t\t\t\t<div class=\"elementor-element elementor-element-5c7e117 elementor-widget elementor-widget-text-editor\" data-id=\"5c7e117\" data-element_type=\"widget\" data-widget_type=\"text-editor.default\">\n\t\t\t\t<div class=\"elementor-widget-container\">\n\t\t\t\t\t\t\t<p>Despu\u00e9s de a\u00f1os de <b>experiencia<\/b>\u00a0&#8230;&#8230;&#8230;&#8230;..<\/p><p>Nuestro valor diferencial es&#8230;.<\/p>\t\t\t\t\t\t<\/div>\n\t\t\t\t<\/div>\n\t\t\t\t<div class=\"elementor-element elementor-element-866a363 elementor-align-center elementor-widget__width-inherit elementor-widget elementor-widget-button\" data-id=\"866a363\" data-element_type=\"widget\" data-widget_type=\"button.default\">\n\t\t\t\t<div class=\"elementor-widget-container\">\n\t\t\t\t\t<div class=\"elementor-button-wrapper\">\n\t\t\t<a class=\"elementor-button elementor-button-link elementor-size-sm\" href=\"#\">\n\t\t\t\t\t\t<span class=\"elementor-button-content-wrapper\">\n\t\t\t\t\t\t<span class=\"elementor-button-icon\">\n\t\t\t\t<i aria-hidden=\"true\" class=\"fas fa-caret-right\"><\/i>\t\t\t<\/span>\n\t\t\t\t\t\t\t\t\t<span class=\"elementor-button-text\">El Equipo<\/span>\n\t\t\t\t\t<\/span>\n\t\t\t\t\t<\/a>\n\t\t<\/div>\n\t\t\t\t<\/div>\n\t\t\t\t<\/div>\n\t\t\t\t<div class=\"elementor-element elementor-element-54d49fe elementor-widget elementor-widget-image\" data-id=\"54d49fe\" data-element_type=\"widget\" data-widget_type=\"image.default\">\n\t\t\t\t<div class=\"elementor-widget-container\">\n\t\t\t\t\t\t\t\t\t\t\t\t\t<img fetchpriority=\"high\" decoding=\"async\" width=\"500\" height=\"557\" src=\"https:\/\/clinicarethink.com\/wp-content\/uploads\/2024\/09\/NLFP-about-new-life-01-500x700-1.jpg\" class=\"attachment-large size-large wp-image-2836\" alt=\"\" srcset=\"https:\/\/clinicarethink.com\/wp-content\/uploads\/2024\/09\/NLFP-about-new-life-01-500x700-1.jpg 500w, https:\/\/clinicarethink.com\/wp-content\/uploads\/2024\/09\/NLFP-about-new-life-01-500x700-1-269x300.jpg 269w\" sizes=\"(max-width: 500px) 100vw, 500px\" \/>\t\t\t\t\t\t\t\t\t\t\t\t\t<\/div>\n\t\t\t\t<\/div>\n\t\t\t\t<div class=\"elementor-element elementor-element-6ba7664 elementor-widget elementor-widget-heading\" data-id=\"6ba7664\" data-element_type=\"widget\" data-widget_type=\"heading.default\">\n\t\t\t\t<div class=\"elementor-widget-container\">\n\t\t\t<p class=\"elementor-heading-title elementor-size-default\">Nuestros Valores<\/p>\t\t<\/div>\n\t\t\t\t<\/div>\n\t\t\t\t\t<\/div>\n\t\t\t\t<\/div>\n\t\t<div class=\"elementor-element elementor-element-0622fb7 e-con-full e-flex e-con e-parent\" data-id=\"0622fb7\" data-element_type=\"container\" id=\"Vision and mission\">\n\t\t<div class=\"elementor-element elementor-element-adc1267 e-con-full e-flex e-con e-child\" data-id=\"adc1267\" data-element_type=\"container\">\n\t\t\t\t<div class=\"elementor-element elementor-element-b4ad766 elementor-widget__width-initial elementor-widget-mobile__width-inherit elementor-widget elementor-widget-heading\" data-id=\"b4ad766\" data-element_type=\"widget\" data-widget_type=\"heading.default\">\n\t\t\t\t<div class=\"elementor-widget-container\">\n\t\t\t<p class=\"elementor-heading-title elementor-size-default\">Nuestros Pilares<\/p>\t\t<\/div>\n\t\t\t\t<\/div>\n\t\t<div class=\"elementor-element elementor-element-46cf657 e-con-full e-flex e-con e-child\" data-id=\"46cf657\" data-element_type=\"container\">\n\t\t<div class=\"elementor-element elementor-element-9091a83 e-con-full e-flex e-con e-child\" data-id=\"9091a83\" data-element_type=\"container\">\n\t\t\t\t<div class=\"elementor-element elementor-element-d51456b elementor-widget elementor-widget-image\" data-id=\"d51456b\" data-element_type=\"widget\" data-widget_type=\"image.default\">\n\t\t\t\t<div class=\"elementor-widget-container\">\n\t\t\t\t\t\t\t\t\t\t\t\t\t<img decoding=\"async\" width=\"50\" height=\"61\" src=\"https:\/\/clinicarethink.com\/wp-content\/uploads\/2023\/10\/man-relaxing.svg\" class=\"attachment-large size-large wp-image-1245\" alt=\"\" \/>\t\t\t\t\t\t\t\t\t\t\t\t\t<\/div>\n\t\t\t\t<\/div>\n\t\t\t\t<\/div>\n\t\t<div class=\"elementor-element elementor-element-8055112 e-con-full e-flex e-con e-child\" data-id=\"8055112\" data-element_type=\"container\">\n\t\t\t\t<div class=\"elementor-element elementor-element-789e6d9 elementor-widget elementor-widget-heading\" data-id=\"789e6d9\" data-element_type=\"widget\" data-widget_type=\"heading.default\">\n\t\t\t\t<div class=\"elementor-widget-container\">\n\t\t\t<h2 class=\"elementor-heading-title elementor-size-default\">Integrative care<\/h2>\t\t<\/div>\n\t\t\t\t<\/div>\n\t\t\t\t<\/div>\n\t\t\t\t<\/div>\n\t\t<div class=\"elementor-element elementor-element-fc898b2 e-con-full e-flex e-con e-child\" data-id=\"fc898b2\" data-element_type=\"container\">\n\t\t<div class=\"elementor-element elementor-element-dfecdef e-con-full e-flex e-con e-child\" data-id=\"dfecdef\" data-element_type=\"container\">\n\t\t\t\t<div class=\"elementor-element elementor-element-e89baf9 elementor-widget elementor-widget-image\" data-id=\"e89baf9\" data-element_type=\"widget\" data-widget_type=\"image.default\">\n\t\t\t\t<div class=\"elementor-widget-container\">\n\t\t\t\t\t\t\t\t\t\t\t\t\t<img decoding=\"async\" width=\"59\" height=\"59\" src=\"https:\/\/clinicarethink.com\/wp-content\/uploads\/2023\/10\/yoga-meditation-1.svg\" class=\"attachment-large size-large wp-image-1251\" alt=\"\" \/>\t\t\t\t\t\t\t\t\t\t\t\t\t<\/div>\n\t\t\t\t<\/div>\n\t\t\t\t<\/div>\n\t\t<div class=\"elementor-element elementor-element-e20de1a e-con-full e-flex e-con e-child\" data-id=\"e20de1a\" data-element_type=\"container\">\n\t\t\t\t<div class=\"elementor-element elementor-element-27a7445 elementor-widget elementor-widget-heading\" data-id=\"27a7445\" data-element_type=\"widget\" data-widget_type=\"heading.default\">\n\t\t\t\t<div class=\"elementor-widget-container\">\n\t\t\t<h2 class=\"elementor-heading-title elementor-size-default\">Retreat\n<\/h2>\t\t<\/div>\n\t\t\t\t<\/div>\n\t\t\t\t<\/div>\n\t\t\t\t<\/div>\n\t\t<div class=\"elementor-element elementor-element-1ce6410 e-con-full e-flex e-con e-child\" data-id=\"1ce6410\" data-element_type=\"container\">\n\t\t<div class=\"elementor-element elementor-element-54223de e-con-full e-flex e-con e-child\" data-id=\"54223de\" data-element_type=\"container\">\n\t\t\t\t<div class=\"elementor-element elementor-element-c3681f1 elementor-widget elementor-widget-image\" data-id=\"c3681f1\" data-element_type=\"widget\" data-widget_type=\"image.default\">\n\t\t\t\t<div class=\"elementor-widget-container\">\n\t\t\t\t\t\t\t\t\t\t\t\t\t<img loading=\"lazy\" decoding=\"async\" width=\"61\" height=\"61\" src=\"https:\/\/clinicarethink.com\/wp-content\/uploads\/2023\/10\/man-peaceful.svg\" class=\"attachment-large size-large wp-image-1244\" alt=\"\" \/>\t\t\t\t\t\t\t\t\t\t\t\t\t<\/div>\n\t\t\t\t<\/div>\n\t\t\t\t<\/div>\n\t\t<div class=\"elementor-element elementor-element-47e0bba e-con-full e-flex e-con e-child\" data-id=\"47e0bba\" data-element_type=\"container\">\n\t\t\t\t<div class=\"elementor-element elementor-element-9c535c3 elementor-widget elementor-widget-heading\" data-id=\"9c535c3\" data-element_type=\"widget\" data-widget_type=\"heading.default\">\n\t\t\t\t<div class=\"elementor-widget-container\">\n\t\t\t<h2 class=\"elementor-heading-title elementor-size-default\">Community engagement\n<\/h2>\t\t<\/div>\n\t\t\t\t<\/div>\n\t\t\t\t<\/div>\n\t\t\t\t<\/div>\n\t\t\t\t<\/div>\n\t\t<div class=\"elementor-element elementor-element-402b888 e-con-full e-flex e-con e-child\" data-id=\"402b888\" data-element_type=\"container\" data-settings=\"{&quot;background_background&quot;:&quot;classic&quot;}\">\n\t\t\t\t<div class=\"elementor-element elementor-element-d405a9a elementor-widget elementor-widget-heading\" data-id=\"d405a9a\" data-element_type=\"widget\" data-widget_type=\"heading.default\">\n\t\t\t\t<div class=\"elementor-widget-container\">\n\t\t\t<p class=\"elementor-heading-title elementor-size-default\">Visi\u00f3n y Misi\u00f3n<\/p>\t\t<\/div>\n\t\t\t\t<\/div>\n\t\t\t\t<div class=\"elementor-element elementor-element-97f3100 elementor-widget elementor-widget-text-editor\" data-id=\"97f3100\" data-element_type=\"widget\" data-widget_type=\"text-editor.default\">\n\t\t\t\t<div class=\"elementor-widget-container\">\n\t\t\t\t\t\t\t<p>New Life\u2019s mission is to provide support for anyone who wishes to\u00a0<strong>cultivate their sustainable wellbeing<\/strong>.<\/p><p>We opened our wellness retreat and recovery centre here in Portugal in 2022.<\/p><p>People come to us from all parts of the world and\u00a0<strong>we are proud to be an inclusive and diverse community<\/strong>\u00a0that values each individual who comes through our doors.<\/p>\t\t\t\t\t\t<\/div>\n\t\t\t\t<\/div>\n\t\t\t\t<\/div>\n\t\t\t\t<\/div>\n\t\t<div class=\"elementor-element elementor-element-fcb7ac9 e-con-full e-flex e-con e-parent\" data-id=\"fcb7ac9\" data-element_type=\"container\" data-settings=\"{&quot;background_background&quot;:&quot;classic&quot;}\">\n\t\t<div class=\"elementor-element elementor-element-9e584e6 e-con-full e-flex e-con e-child\" data-id=\"9e584e6\" data-element_type=\"container\">\n\t\t\t\t<div class=\"elementor-element elementor-element-08ab7e2 elementor-view-default elementor-widget elementor-widget-icon\" data-id=\"08ab7e2\" data-element_type=\"widget\" data-widget_type=\"icon.default\">\n\t\t\t\t<div class=\"elementor-widget-container\">\n\t\t\t\t\t<div class=\"elementor-icon-wrapper\">\n\t\t\t<div class=\"elementor-icon\">\n\t\t\t<i aria-hidden=\"true\" class=\"fas fa-window-minimize\"><\/i>\t\t\t<\/div>\n\t\t<\/div>\n\t\t\t\t<\/div>\n\t\t\t\t<\/div>\n\t\t\t\t<div class=\"elementor-element elementor-element-2e8ec20 elementor-widget elementor-widget-text-editor\" data-id=\"2e8ec20\" data-element_type=\"widget\" data-widget_type=\"text-editor.default\">\n\t\t\t\t<div class=\"elementor-widget-container\">\n\t\t\t\t\t\t\t<p>Cada persona es distinta. Sus historias. Sus vivencias. Sus formas de entender la vida. En Cl\u00ednica Rethink vemos fundamental adaptaros a cada paciente, haciendo un traje a medida a sus problemas, sus malestares&#8230;<\/p>\t\t\t\t\t\t<\/div>\n\t\t\t\t<\/div>\n\t\t\t\t<div class=\"elementor-element elementor-element-efbe62e elementor-view-default elementor-widget elementor-widget-icon\" data-id=\"efbe62e\" data-element_type=\"widget\" data-widget_type=\"icon.default\">\n\t\t\t\t<div class=\"elementor-widget-container\">\n\t\t\t\t\t<div class=\"elementor-icon-wrapper\">\n\t\t\t<div class=\"elementor-icon\">\n\t\t\t<i aria-hidden=\"true\" class=\"fas fa-window-minimize\"><\/i>\t\t\t<\/div>\n\t\t<\/div>\n\t\t\t\t<\/div>\n\t\t\t\t<\/div>\n\t\t\t\t<\/div>\n\t\t\t\t<\/div>\n\t\t<div class=\"elementor-element elementor-element-cf958df e-flex e-con-boxed e-con e-parent\" data-id=\"cf958df\" data-element_type=\"container\">\n\t\t\t\t\t<div class=\"e-con-inner\">\n\t\t\t\t<div class=\"elementor-element elementor-element-6b1e0f0 elementor-widget elementor-widget-heading\" data-id=\"6b1e0f0\" data-element_type=\"widget\" data-widget_type=\"heading.default\">\n\t\t\t\t<div class=\"elementor-widget-container\">\n\t\t\t<p class=\"elementor-heading-title elementor-size-default\">Nuestro Enfoque Terap\u00e9utico<\/p>\t\t<\/div>\n\t\t\t\t<\/div>\n\t\t<div class=\"elementor-element elementor-element-ceecf97 e-con-full e-flex e-con e-child\" data-id=\"ceecf97\" data-element_type=\"container\">\n\t\t<div class=\"elementor-element elementor-element-96c7b70 e-con-full e-flex e-con e-child\" data-id=\"96c7b70\" data-element_type=\"container\">\n\t\t\t\t<div class=\"elementor-element elementor-element-d1a83c3 elementor-widget elementor-widget-image\" data-id=\"d1a83c3\" data-element_type=\"widget\" data-settings=\"{&quot;motion_fx_motion_fx_scrolling&quot;:&quot;yes&quot;,&quot;motion_fx_translateY_effect&quot;:&quot;yes&quot;,&quot;motion_fx_translateY_speed&quot;:{&quot;unit&quot;:&quot;px&quot;,&quot;size&quot;:2,&quot;sizes&quot;:[]},&quot;motion_fx_devices&quot;:[&quot;desktop&quot;,&quot;tablet&quot;],&quot;motion_fx_translateY_affectedRange&quot;:{&quot;unit&quot;:&quot;%&quot;,&quot;size&quot;:&quot;&quot;,&quot;sizes&quot;:{&quot;start&quot;:0,&quot;end&quot;:100}}}\" data-widget_type=\"image.default\">\n\t\t\t\t<div class=\"elementor-widget-container\">\n\t\t\t\t\t\t\t\t\t\t\t\t\t<img loading=\"lazy\" decoding=\"async\" width=\"800\" height=\"1008\" src=\"https:\/\/clinicarethink.com\/wp-content\/uploads\/2024\/09\/NLFP-tailor-made-man-pointing-over-valey-1-1-813x1024.jpg\" class=\"attachment-large size-large wp-image-2838\" alt=\"\" srcset=\"https:\/\/clinicarethink.com\/wp-content\/uploads\/2024\/09\/NLFP-tailor-made-man-pointing-over-valey-1-1-813x1024.jpg 813w, https:\/\/clinicarethink.com\/wp-content\/uploads\/2024\/09\/NLFP-tailor-made-man-pointing-over-valey-1-1-238x300.jpg 238w, https:\/\/clinicarethink.com\/wp-content\/uploads\/2024\/09\/NLFP-tailor-made-man-pointing-over-valey-1-1-768x967.jpg 768w, https:\/\/clinicarethink.com\/wp-content\/uploads\/2024\/09\/NLFP-tailor-made-man-pointing-over-valey-1-1-600x755.jpg 600w, https:\/\/clinicarethink.com\/wp-content\/uploads\/2024\/09\/NLFP-tailor-made-man-pointing-over-valey-1-1.jpg 957w\" sizes=\"(max-width: 800px) 100vw, 800px\" \/>\t\t\t\t\t\t\t\t\t\t\t\t\t<\/div>\n\t\t\t\t<\/div>\n\t\t\t\t<\/div>\n\t\t<div class=\"elementor-element elementor-element-4dc2c2e e-con-full e-flex e-con e-child\" data-id=\"4dc2c2e\" data-element_type=\"container\">\n\t\t\t\t<div class=\"elementor-element elementor-element-3da3251 elementor-widget elementor-widget-text-editor\" data-id=\"3da3251\" data-element_type=\"widget\" data-widget_type=\"text-editor.default\">\n\t\t\t\t<div class=\"elementor-widget-container\">\n\t\t\t\t\t\t\t<p>Tal vez lleves un tiempo buscando ayuda.\u00a0<br \/>Habr\u00e1s le\u00eddo sobre enfoque cognitivo, hol\u00edstico, din\u00e1mico, psicoan\u00e1lisis..<\/p><p><strong>\u00bfQu\u00e9 son los enfoques en psicolog\u00eda?<\/strong><\/p><p>Formas de comprender al ser humano y de abordar en consulta sus demandas terap\u00e9uticas.\u00a0<\/p><p>\u00bfY cu\u00e1l es mejor para mi?<\/p><p>Muchas cl\u00ednicas presentan su abordaje terap\u00e9utico bajo un enfoque en concreto. Aquel que creen que es el mejor para tratar a las personas que decidan visitarse.\u00a0<\/p><p>\u00a0<\/p><p>En Cl\u00ednica Rethink entendemos al individuo como \u00fanico, distinto, con sus propias casu\u00edsticas.\u00a0<br \/>Por eso, no tenemos un enfoque concreto, ya que sino estar\u00edamos moldeando al paciente desde el comienzo, no pudiendo adaptarnos realmente a quien es.\u00a0<\/p><p>Contamos con amplia formaci\u00f3n y experiencia en los enfoques de mayor renombre y validaci\u00f3n, pero nos adaptamos a cada persona que cruza la puerta de la cl\u00ednica.\u00a0<\/p><p>Escuchamos, comprendemos y avanzamos junto con cada paciente en comprender qu\u00e9 est\u00e1 realmente pasando.\u00a0<\/p><p>\u00a0<\/p>\t\t\t\t\t\t<\/div>\n\t\t\t\t<\/div>\n\t\t\t\t<\/div>\n\t\t\t\t<\/div>\n\t\t\t\t\t<\/div>\n\t\t\t\t<\/div>\n\t\t\t\t<\/div>\n\t\t","protected":false},"excerpt":{"rendered":"<p>Acerca de Rethink Cl\u00ednica Rethink nace para ofrecer un servicio donde la calidad terap\u00e9utica y la adaptaci\u00f3n total al caso particular del paciente. Nuestra Historia Despu\u00e9s de a\u00f1os de experiencia\u00a0&#8230;&#8230;&#8230;&#8230;.. Nuestro valor diferencial es&#8230;. El Equipo Nuestros Valores Nuestros Pilares Integrative care Retreat Community engagement Visi\u00f3n y Misi\u00f3n New Life\u2019s mission is to provide support [&hellip;]<\/p>\n","protected":false},"author":1,"featured_media":0,"parent":0,"menu_order":0,"comment_status":"closed","ping_status":"closed","template":"","meta":{"om_disable_all_campaigns":false,"_monsterinsights_skip_tracking":false,"_monsterinsights_sitenote_active":false,"_monsterinsights_sitenote_note":"","_monsterinsights_sitenote_category":0,"footnotes":""},"aioseo_notices":[],"_links":{"self":[{"href":"https:\/\/clinicarethink.com\/en\/wp-json\/wp\/v2\/pages\/1207"}],"collection":[{"href":"https:\/\/clinicarethink.com\/en\/wp-json\/wp\/v2\/pages"}],"about":[{"href":"https:\/\/clinicarethink.com\/en\/wp-json\/wp\/v2\/types\/page"}],"author":[{"embeddable":true,"href":"https:\/\/clinicarethink.com\/en\/wp-json\/wp\/v2\/users\/1"}],"replies":[{"embeddable":true,"href":"https:\/\/clinicarethink.com\/en\/wp-json\/wp\/v2\/comments?post=1207"}],"version-history":[{"count":275,"href":"https:\/\/clinicarethink.com\/en\/wp-json\/wp\/v2\/pages\/1207\/revisions"}],"predecessor-version":[{"id":3585,"href":"https:\/\/clinicarethink.com\/en\/wp-json\/wp\/v2\/pages\/1207\/revisions\/3585"}],"wp:attachment":[{"href":"https:\/\/clinicarethink.com\/en\/wp-json\/wp\/v2\/media?parent=1207"}],"curies":[{"name":"wp","href":"https:\/\/api.w.org\/{rel}","templated":true}]}}